{"id":2559,"date":"2020-04-25T08:34:44","date_gmt":"2020-04-25T06:34:44","guid":{"rendered":"https:\/\/winerose.ch\/series-multimedia-wine-rose\/"},"modified":"2020-10-22T17:18:56","modified_gmt":"2020-10-22T15:18:56","slug":"wine-rose-multimedia-series","status":"publish","type":"page","link":"https:\/\/winerose.ch\/en\/wine-rose-multimedia-series\/","title":{"rendered":"Wine Rose Multimedia Series"},"content":{"rendered":"<p>&nbsp;<\/p>\n<p>&nbsp;<\/p>\n<p><span style=\"color: #ffffff;\"><strong>Mots cl\u00e9s:<\/strong> gestion de cave \u00e0 vin, conseil en vin, expert en vin, s\u00e9lection de vins, meubles de cave, abonnement en vin, programme d\u2019achat en vin,\u00a0service, conseil en vin, horeca, h\u00f4tellerie, formation professionnel, sommellerie priv\u00e9 en Suisse, sommelier priv\u00e9.<\/span><\/p>\n<p><span style=\"color: #ffffff;\"><strong>Links:<\/strong> <a style=\"color: #ffffff;\" href=\"https:\/\/winerose.ch\/gestion-de-cave\/\">solutions pour la cave \u00e0 vin,<\/a> <\/span><\/p>\n","protected":false},"excerpt":{"rendered":"&nbsp; &nbsp; Mots cl\u00e9s: gestion de cave \u00e0 vin, conseil en vin, expert en vin, s\u00e9lection de vins, meubles de cave, abonnement en vin, programme d\u2019achat en vin,\u00a0service, conseil en vin, horeca, h\u00f4tellerie, formation professionnel, sommellerie priv\u00e9 en Suisse, sommelier priv\u00e9. Links: solutions pour la cave \u00e0 vin,","protected":false},"author":4,"featured_media":3281,"parent":0,"menu_order":0,"comment_status":"closed","ping_status":"closed","template":"services.php","meta":{"_acf_changed":false,"_monsterinsights_skip_tracking":false,"_monsterinsights_sitenote_active":false,"_monsterinsights_sitenote_note":"","_monsterinsights_sitenote_category":0,"footnotes":""},"class_list":["post-2559","page","type-page","status-publish","has-post-thumbnail","hentry"],"acf":[],"yoast_head":"<!-- This site is optimized with the Yoast SEO plugin v27.4 - https:\/\/yoast.com\/product\/yoast-seo-wordpress\/ -->\n<title>Wine Rose Multimedia Series - Exclusive tastings delivered to your door<\/title>\n<meta name=\"description\" content=\"Wine Rose Multimedia Series, are exclusive wine s\u00e9lections &amp; presentations, offering a &quot;learning-by-tasting&quot; experience with Michele Caimotto\" \/>\n<meta name=\"robots\" content=\"index, follow, max-snippet:-1, max-image-preview:large, max-video-preview:-1\" \/>\n<link rel=\"canonical\" href=\"https:\/\/winerose.ch\/en\/wine-rose-multimedia-series\/\" \/>\n<meta property=\"og:locale\" content=\"en_US\" \/>\n<meta property=\"og:type\" content=\"article\" \/>\n<meta property=\"og:title\" content=\"Wine Rose Multimedia Series - Exclusive tastings delivered to your door\" \/>\n<meta property=\"og:description\" content=\"Wine Rose Multimedia Series, are exclusive wine s\u00e9lections &amp; presentations, offering a &quot;learning-by-tasting&quot; experience with Michele Caimotto\" \/>\n<meta property=\"og:url\" content=\"https:\/\/winerose.ch\/en\/wine-rose-multimedia-series\/\" \/>\n<meta property=\"og:site_name\" content=\"Winerose\" \/>\n<meta property=\"article:modified_time\" content=\"2020-10-22T15:18:56+00:00\" \/>\n<meta name=\"twitter:card\" content=\"summary_large_image\" \/>\n<script type=\"application\/ld+json\" class=\"yoast-schema-graph\">{\"@context\":\"https:\\\/\\\/schema.org\",\"@graph\":[{\"@type\":\"WebPage\",\"@id\":\"https:\\\/\\\/winerose.ch\\\/en\\\/wine-rose-multimedia-series\\\/\",\"url\":\"https:\\\/\\\/winerose.ch\\\/en\\\/wine-rose-multimedia-series\\\/\",\"name\":\"Wine Rose Multimedia Series - Exclusive tastings delivered to your door\",\"isPartOf\":{\"@id\":\"https:\\\/\\\/winerose.ch\\\/en\\\/#website\"},\"primaryImageOfPage\":{\"@id\":\"https:\\\/\\\/winerose.ch\\\/en\\\/wine-rose-multimedia-series\\\/#primaryimage\"},\"image\":{\"@id\":\"https:\\\/\\\/winerose.ch\\\/en\\\/wine-rose-multimedia-series\\\/#primaryimage\"},\"thumbnailUrl\":\"https:\\\/\\\/winerose.ch\\\/wp-content\\\/uploads\\\/2023\\\/03\\\/winerose-uncategorized-2306B053-4B4D-46FB-8C23-DE6B37F917B3-73.jpeg\",\"datePublished\":\"2020-04-25T06:34:44+00:00\",\"dateModified\":\"2020-10-22T15:18:56+00:00\",\"description\":\"Wine Rose Multimedia Series, are exclusive wine s\u00e9lections & presentations, offering a \\\"learning-by-tasting\\\" experience with Michele Caimotto\",\"breadcrumb\":{\"@id\":\"https:\\\/\\\/winerose.ch\\\/en\\\/wine-rose-multimedia-series\\\/#breadcrumb\"},\"inLanguage\":\"en-US\",\"potentialAction\":[{\"@type\":\"ReadAction\",\"target\":[\"https:\\\/\\\/winerose.ch\\\/en\\\/wine-rose-multimedia-series\\\/\"]}]},{\"@type\":\"ImageObject\",\"inLanguage\":\"en-US\",\"@id\":\"https:\\\/\\\/winerose.ch\\\/en\\\/wine-rose-multimedia-series\\\/#primaryimage\",\"url\":\"https:\\\/\\\/winerose.ch\\\/wp-content\\\/uploads\\\/2023\\\/03\\\/winerose-uncategorized-2306B053-4B4D-46FB-8C23-DE6B37F917B3-73.jpeg\",\"contentUrl\":\"https:\\\/\\\/winerose.ch\\\/wp-content\\\/uploads\\\/2023\\\/03\\\/winerose-uncategorized-2306B053-4B4D-46FB-8C23-DE6B37F917B3-73.jpeg\",\"width\":1900,\"height\":1421},{\"@type\":\"BreadcrumbList\",\"@id\":\"https:\\\/\\\/winerose.ch\\\/en\\\/wine-rose-multimedia-series\\\/#breadcrumb\",\"itemListElement\":[{\"@type\":\"ListItem\",\"position\":1,\"name\":\"Accueil\",\"item\":\"https:\\\/\\\/winerose.ch\\\/en\\\/\"},{\"@type\":\"ListItem\",\"position\":2,\"name\":\"Wine Rose Multimedia Series\"}]},{\"@type\":\"WebSite\",\"@id\":\"https:\\\/\\\/winerose.ch\\\/en\\\/#website\",\"url\":\"https:\\\/\\\/winerose.ch\\\/en\\\/\",\"name\":\"Wine Rose\",\"description\":\"Your door to the finest artisan-wineries\",\"publisher\":{\"@id\":\"https:\\\/\\\/winerose.ch\\\/en\\\/#organization\"},\"potentialAction\":[{\"@type\":\"SearchAction\",\"target\":{\"@type\":\"EntryPoint\",\"urlTemplate\":\"https:\\\/\\\/winerose.ch\\\/en\\\/?s={search_term_string}\"},\"query-input\":{\"@type\":\"PropertyValueSpecification\",\"valueRequired\":true,\"valueName\":\"search_term_string\"}}],\"inLanguage\":\"en-US\"},{\"@type\":\"Organization\",\"@id\":\"https:\\\/\\\/winerose.ch\\\/en\\\/#organization\",\"name\":\"Wine Rose S\u00e0rl - Michele Caimotto\",\"url\":\"https:\\\/\\\/winerose.ch\\\/en\\\/\",\"logo\":{\"@type\":\"ImageObject\",\"inLanguage\":\"en-US\",\"@id\":\"https:\\\/\\\/winerose.ch\\\/en\\\/#\\\/schema\\\/logo\\\/image\\\/\",\"url\":\"https:\\\/\\\/winerose.ch\\\/wp-content\\\/uploads\\\/2016\\\/08\\\/logo.png\",\"contentUrl\":\"https:\\\/\\\/winerose.ch\\\/wp-content\\\/uploads\\\/2016\\\/08\\\/logo.png\",\"width\":312,\"height\":312,\"caption\":\"Wine Rose S\u00e0rl - Michele Caimotto\"},\"image\":{\"@id\":\"https:\\\/\\\/winerose.ch\\\/en\\\/#\\\/schema\\\/logo\\\/image\\\/\"}}]}<\/script>\n<!-- \/ Yoast SEO plugin. -->","yoast_head_json":{"title":"Wine Rose Multimedia Series - Exclusive tastings delivered to your door","description":"Wine Rose Multimedia Series, are exclusive wine s\u00e9lections & presentations, offering a \"learning-by-tasting\" experience with Michele Caimotto","robots":{"index":"index","follow":"follow","max-snippet":"max-snippet:-1","max-image-preview":"max-image-preview:large","max-video-preview":"max-video-preview:-1"},"canonical":"https:\/\/winerose.ch\/en\/wine-rose-multimedia-series\/","og_locale":"en_US","og_type":"article","og_title":"Wine Rose Multimedia Series - Exclusive tastings delivered to your door","og_description":"Wine Rose Multimedia Series, are exclusive wine s\u00e9lections & presentations, offering a \"learning-by-tasting\" experience with Michele Caimotto","og_url":"https:\/\/winerose.ch\/en\/wine-rose-multimedia-series\/","og_site_name":"Winerose","article_modified_time":"2020-10-22T15:18:56+00:00","twitter_card":"summary_large_image","schema":{"@context":"https:\/\/schema.org","@graph":[{"@type":"WebPage","@id":"https:\/\/winerose.ch\/en\/wine-rose-multimedia-series\/","url":"https:\/\/winerose.ch\/en\/wine-rose-multimedia-series\/","name":"Wine Rose Multimedia Series - Exclusive tastings delivered to your door","isPartOf":{"@id":"https:\/\/winerose.ch\/en\/#website"},"primaryImageOfPage":{"@id":"https:\/\/winerose.ch\/en\/wine-rose-multimedia-series\/#primaryimage"},"image":{"@id":"https:\/\/winerose.ch\/en\/wine-rose-multimedia-series\/#primaryimage"},"thumbnailUrl":"https:\/\/winerose.ch\/wp-content\/uploads\/2023\/03\/winerose-uncategorized-2306B053-4B4D-46FB-8C23-DE6B37F917B3-73.jpeg","datePublished":"2020-04-25T06:34:44+00:00","dateModified":"2020-10-22T15:18:56+00:00","description":"Wine Rose Multimedia Series, are exclusive wine s\u00e9lections & presentations, offering a \"learning-by-tasting\" experience with Michele Caimotto","breadcrumb":{"@id":"https:\/\/winerose.ch\/en\/wine-rose-multimedia-series\/#breadcrumb"},"inLanguage":"en-US","potentialAction":[{"@type":"ReadAction","target":["https:\/\/winerose.ch\/en\/wine-rose-multimedia-series\/"]}]},{"@type":"ImageObject","inLanguage":"en-US","@id":"https:\/\/winerose.ch\/en\/wine-rose-multimedia-series\/#primaryimage","url":"https:\/\/winerose.ch\/wp-content\/uploads\/2023\/03\/winerose-uncategorized-2306B053-4B4D-46FB-8C23-DE6B37F917B3-73.jpeg","contentUrl":"https:\/\/winerose.ch\/wp-content\/uploads\/2023\/03\/winerose-uncategorized-2306B053-4B4D-46FB-8C23-DE6B37F917B3-73.jpeg","width":1900,"height":1421},{"@type":"BreadcrumbList","@id":"https:\/\/winerose.ch\/en\/wine-rose-multimedia-series\/#breadcrumb","itemListElement":[{"@type":"ListItem","position":1,"name":"Accueil","item":"https:\/\/winerose.ch\/en\/"},{"@type":"ListItem","position":2,"name":"Wine Rose Multimedia Series"}]},{"@type":"WebSite","@id":"https:\/\/winerose.ch\/en\/#website","url":"https:\/\/winerose.ch\/en\/","name":"Wine Rose","description":"Your door to the finest artisan-wineries","publisher":{"@id":"https:\/\/winerose.ch\/en\/#organization"},"potentialAction":[{"@type":"SearchAction","target":{"@type":"EntryPoint","urlTemplate":"https:\/\/winerose.ch\/en\/?s={search_term_string}"},"query-input":{"@type":"PropertyValueSpecification","valueRequired":true,"valueName":"search_term_string"}}],"inLanguage":"en-US"},{"@type":"Organization","@id":"https:\/\/winerose.ch\/en\/#organization","name":"Wine Rose S\u00e0rl - Michele Caimotto","url":"https:\/\/winerose.ch\/en\/","logo":{"@type":"ImageObject","inLanguage":"en-US","@id":"https:\/\/winerose.ch\/en\/#\/schema\/logo\/image\/","url":"https:\/\/winerose.ch\/wp-content\/uploads\/2016\/08\/logo.png","contentUrl":"https:\/\/winerose.ch\/wp-content\/uploads\/2016\/08\/logo.png","width":312,"height":312,"caption":"Wine Rose S\u00e0rl - Michele Caimotto"},"image":{"@id":"https:\/\/winerose.ch\/en\/#\/schema\/logo\/image\/"}}]}},"_links":{"self":[{"href":"https:\/\/winerose.ch\/en\/wp-json\/wp\/v2\/pages\/2559","targetHints":{"allow":["GET"]}}],"collection":[{"href":"https:\/\/winerose.ch\/en\/wp-json\/wp\/v2\/pages"}],"about":[{"href":"https:\/\/winerose.ch\/en\/wp-json\/wp\/v2\/types\/page"}],"author":[{"embeddable":true,"href":"https:\/\/winerose.ch\/en\/wp-json\/wp\/v2\/users\/4"}],"replies":[{"embeddable":true,"href":"https:\/\/winerose.ch\/en\/wp-json\/wp\/v2\/comments?post=2559"}],"version-history":[{"count":2,"href":"https:\/\/winerose.ch\/en\/wp-json\/wp\/v2\/pages\/2559\/revisions"}],"predecessor-version":[{"id":2561,"href":"https:\/\/winerose.ch\/en\/wp-json\/wp\/v2\/pages\/2559\/revisions\/2561"}],"wp:featuredmedia":[{"embeddable":true,"href":"https:\/\/winerose.ch\/en\/wp-json\/wp\/v2\/media\/3281"}],"wp:attachment":[{"href":"https:\/\/winerose.ch\/en\/wp-json\/wp\/v2\/media?parent=2559"}],"curies":[{"name":"wp","href":"https:\/\/api.w.org\/{rel}","templated":true}]}}