{"id":238,"date":"2016-08-28T09:51:01","date_gmt":"2016-08-28T07:51:01","guid":{"rendered":"http:\/\/winerose.ch\/en\/accueil\/"},"modified":"2021-04-27T18:03:03","modified_gmt":"2021-04-27T16:03:03","slug":"home","status":"publish","type":"page","link":"https:\/\/winerose.ch\/en\/","title":{"rendered":"Home"},"content":{"rendered":"<p>Wine Cellar Management<\/p>\n<p>Wine, Travel, <a href=\"https:\/\/winerose.ch\/en\/services\/tasting\/\">Tasting<\/a>, Management, Cellar, Premium, Team Building, Gift, Evaluation, Gastronomy, Hospitality<\/p>\n<h2>G\u00c9ORGIE:\u00a0REP\u00c9RAGE VITICOLE ET R\u00c9FLEXIONS<\/h2>\n<p>&nbsp;<\/p>\n<p><b>\u00ab Stase, puret\u00e9, essence immuable, elles sont au c\u0153ur du mythe naturel. Naturel signifie la version originale \u2014 et, comme pour les livres saints, l\u2019original signifie le meilleur\u00a0\u00bb<\/b><\/p>\n<p><b>Le savant de la religion Alan Levinovitz<\/b><\/p>\n<p>&nbsp;<\/p>\n<h4>Wine Cellar Management<\/h4>\n<h4>Rep\u00e9rage\u00a0: La G\u00e9orgie \u2013 Berceau des vins naturels\u00a0?<\/h4>\n<p>Deux mois apr\u00e8s mon retour de G\u00e9orgie, je garde une forte impression de ce rep\u00e9rage viticole m\u00e9morable, en excellente compagnie et avec un guide d\u2019exception. Entre nourriture et vin il est impossible de se rendre dans ce pays sans gagner au moins une taille \u00e0 la ceinture mais quel bonheur !<\/p>\n<p>Il me semble appropri\u00e9 de toucher un mot sur notre exp\u00e9rience g\u00e9orgienne et leur tradition viticoles \u00e0 quelques jours de \u201cl\u2019officialisation\u201d par l\u2019INAO de la charte de production des \u00ab\u00a0Vins M\u00e9thode Nature\u00a0\u00bb.<span class=\"Apple-converted-space\">\u00a0<\/span><\/p>\n<p>Cette charte (Nature \u2018L), \u00e0 l\u2019essai sur les trois prochaines ann\u00e9es, compte d\u00e9j\u00e0 sur quelques centaine de signataires.<span class=\"Apple-converted-space\">\u00a0<\/span><\/p>\n<p>A un mois de sa publication elle n\u2019est pas visible sur le site INAO ni par le liens indiqu\u00e9 <a href=\"http:\/\/syndicatvinnatur.com\">syndicatvinnatur.com<\/a><\/p>\n<p>Wine Cellar Management<\/p>\n<h4>Le mouvement des vins naturels<\/h4>\n<p>Le mouvement des vins naturels est n\u00e9 \u00e0 la fin des ann\u00e9es 1960, gr\u00e2ce \u00e0 la contribution de Jules Chauvet, \u00e0 La-Chapelle-de-Guinchay, dans le Beaujolais. Ce vigneron-n\u00e9gociant, chimiste et penseur, r\u00e9volutionne non seulement la mani\u00e8re de produire du vin, mais aussi son esth\u00e9tique, de laquelle d\u00e9coule la d\u00e9gustation contemporaine.<\/p>\n<p>Le \u00ab\u00a0gang des quatre\u00a0\u00bb, dans le Beaujolais, (M. Lapierre, J. Foillard, G. Breton et J.-P. Th\u00e9venet) \u00e0 la fin des ann\u00e9es 70, se propose de produire des vins sans aucun ajout, tout en utilisant soigneusement les techniques modernes, comme le contr\u00f4le de la temp\u00e9rature. Cette \u00ab\u00a0r\u00e9volution\u00a0\u00bb n\u2019est probablement qu\u2019une r\u00e9ponse au niveau d\u2019intrants chimiques tol\u00e9r\u00e9s apr\u00e8s-guerre, dans un pays encore affam\u00e9, et dont la productivit\u00e9 agricole reposait largement sur ces solutions.<\/p>\n<p>Au fil des ann\u00e9es 90 le mouvement des vins naturels se r\u00e9pand mondialement parall\u00e8lement \u00e0 la \u00ab\u00a0Park\u00e9risation\u00a0\u00bb du go\u00fbt et au changement du \u00ab\u00a0statut du vin\u00a0\u00bb, qui passe d\u2019aliment quotidien \u00e0 symbole de statut social, voir objet sp\u00e9culatif.<\/p>\n<p>Les \u00ab communaut\u00e9s \u00bb de pens\u00e9e qui portent ce mouvement, sont de nos jours pr\u00e9sentes dans le monde entier, mais pr\u00eachent des visions asym\u00e9triques sur le concept du vin naturel. Certains producteurs acceptent des pratiques bannies par d\u2019autres, comme par exemple des tol\u00e9rances diff\u00e9rentes relatives \u00e0 l\u2019usage de SO2. D\u00e8s lors il devient un peu difficile de d\u00e9finir ce qui est un vin nature et par cons\u00e9quent le reconna\u00eetre !<\/p>\n<p>D\u2019ailleurs faut-il vraiment le reconna\u00eetre ou le vin naturel doit-il juste \u00eatre \u00ab\u00a0bon\u00a0\u00bb et digeste? Et s\u2019il faut le reconna\u00eetre, quelles sont ses caract\u00e9ristiques ?<span class=\"Apple-converted-space\">\u00a0<\/span><\/p>\n<p>De nos jours, les consommateurs manifestent un grand int\u00e9r\u00eat pour un retour \u00e0 la nature et des modes de production plus verts. La mondialisation du ph\u00e9nom\u00e8ne des vins naturels et sa commercialisation engendre une demande de transparence et de tra\u00e7abilit\u00e9 et certains acteurs souhaitent d\u00e9finir un cadre l\u00e9gislatif international support\u00e9 par des analyses en laboratoire.<span class=\"Apple-converted-space\">\u00a0<\/span><\/p>\n<p>Pourtant du c\u00f4t\u00e9 des producteurs ce besoin de r\u00e9glementation est incompatible avec leur philosophie libertaire, une note du manifeste de J. Dresser, importateur &amp; pionnier des vins natures aux \u00c9tats-Unis, dit\u00a0: \u00ab Le mouvement du vin naturel d\u00e9teste la pr\u00e9cision, le d\u00e9tail et les faits ! \u00bb<\/p>\n<p><span class=\"Apple-converted-space\"> Wine Cellar Management<\/span><\/p>\n<h4>G\u00e9orgie, vins natures et amphores<\/h4>\n<p>Parmi les diff\u00e9rents courants de pens\u00e9e relatif au vins naturels il y a celui qui consiste \u00e0 revisiter les m\u00e9thodes de production antiques, \u00e0 une \u00e9poque o\u00f9 m\u00eame le pressoir n\u2019avait pas encore \u00e9t\u00e9 invent\u00e9\u2026<\/p>\n<p>La G\u00e9orgie est consid\u00e9r\u00e9e par beaucoup comme le berceau de la production viticole, elle est donc l\u2019h\u00e9riti\u00e8re de plus de 8000 vendanges !<\/p>\n<p>Et si le temps a \u00e9t\u00e9 suspendu pendant pr\u00e8s d\u2019un si\u00e8cle en G\u00e9orgie, depuis 30 ans le pays s\u2019impose un fort virage vers la modernit\u00e9 et l\u2019\u00e9conomie de march\u00e9, en net contraste avec son pass\u00e9 sovi\u00e9tique, en essayant de structurer son \u00e9conomie et en valorisant ses propres atouts.<\/p>\n<p>La production viticole du pays est \u00ab\u00a0suavement \u00bb r\u00e9glement\u00e9e et le cadastre viticole est encore en cours d\u2019\u00e9laboration. Cet exercice s\u2019av\u00e8re d\u2019ailleurs compliqu\u00e9 puisque pratiquement chaque famille poss\u00e8de de la vigne, les c\u00e9pages plant\u00e9s, quant \u00e0 eux sont inconnus ou trop cher \u00e0 r\u00e9pertorier sur chaque bout de terre. Une grosse partie de la production reste donc hors registres et \u00ab\u00a0confin\u00e9e\u00a0\u00bb \u00e0 la consommation domestique.<\/p>\n<p>En G\u00e9orgie, les sc\u00e9narii sont complexes et vari\u00e9s, certains producteurs emploient des outils modernes, d\u2019autres maintiennent, ou red\u00e9couvrent, d\u2019anciennes pratiques du \u00ab\u00a0qvevri\u00a0\u00bb l\u2019amphore \u00e0 la forme typique de G\u00e9orgie qui est devenue le symbole des vins du pays dans le monde. Toutefois et sans vouloir casser un mythe, seul 2% du vin produit par la G\u00e9orgie est produit en \u00ab\u00a0qvevri\u00a0\u00bb.<\/p>\n<p>D\u00e8s l\u2019ouverture des fronti\u00e8res g\u00e9orgiennes dans les ann\u00e9es 90, des vignerons d\u2019Oslavie (dont l\u2019embl\u00e9matique Josko Gravner) s\u2019inspirent des m\u00e9thodes de vinification anciennes et non interventionnistes.<span class=\"Apple-converted-space\">\u00a0<\/span><\/p>\n<p>Aucun contr\u00f4le de temp\u00e9rature (du moins \u00e0 l\u2019origine), gr\u00e2ce \u00e0 l\u2019effet rafra\u00eechissant du sol o\u00f9 les \u00ab\u00a0qvevri\u00a0\u00bb sont enterr\u00e9s ou alors de la temp\u00e9rature du milieu o\u00f9 les conteneurs sont entrepos\u00e9s.<\/p>\n<p><a href=\"https:\/\/winerose.ch\/orange-wines\/\">Les vins ainsi produits, dits oranges<\/a> si \u00e0 base de c\u00e9pages blancs, subissent de mani\u00e8re g\u00e9n\u00e9rale un sulfitage extr\u00eamement limit\u00e9, rendu possible par les tanins extraits lors de la mac\u00e9ration. C\u2019est eux qui garantiront en bonne partie la protection contre l\u2019oxydation.<\/p>\n<p>Mais y-a-t-il un lien entre la m\u00e9thode g\u00e9orgienne \u2013 mac\u00e9ration en amphore \u2013 et les vins natures qui en ont adopt\u00e9 certains principes ?<span class=\"Apple-converted-space\">\u00a0<\/span><\/p>\n<p>La vinification en amphore n\u2019est pas directement li\u00e9e \u00e0 la production de \u00ab\u00a0vins naturel\u00a0\u00bb, la technique est en fait largement utilis\u00e9e dans le monde par des producteurs qui ne se r\u00e9clament pas \u00ab\u00a0naturels\u00a0\u00bb\u00a0; ce qui a pour effet d\u2019augmenter encore l\u2019incompr\u00e9hension du consommateur et l\u2019h\u00e9t\u00e9rog\u00e9n\u00e9it\u00e9 de l\u2019offre sur le march\u00e9.<span class=\"Apple-converted-space\">\u00a0 \u00a0<\/span><\/p>\n<p>Affirmer que tous les vins \u00ab funky \u00bb sont naturels est une erreur aussi grossi\u00e8re que de penser que tous les vins naturels pr\u00e9sentent des \u00ab d\u00e9viations \u00bb.<\/p>\n<p>Wine Cellar Management<\/p>\n<h4><b>Questions et parfois r\u00e9ponses<\/b><\/h4>\n<p><strong>Faut-il se pencher sur les vins natures et oranges ?<\/strong><br \/>\nPourquoi pas\u00a0? \u00c7a vaut la peine d\u2019essayer afin de vous faire une opinion.<span class=\"Apple-converted-space\">\u00a0<\/span><\/p>\n<p><b>Faut-il visiter la G\u00e9orgie\u00a0?<\/b><br \/>\n<b>Faut-il go\u00fbter ses vins malgr\u00e9 l\u2019h\u00e9t\u00e9rog\u00e9n\u00e9it\u00e9 de leur production\u00a0?<\/b><br \/>\nMa r\u00e9ponse est oui, parce que certains vins en valent la peine et que nous participons ainsi \u00e0 ouvrir leur \u00e9conomie.<\/p>\n<p><b>Faut-il go\u00fbter des vins naturels en g\u00e9n\u00e9ral ?<\/b><span class=\"Apple-converted-space\"><b>\u00a0<\/b><br \/>\n<\/span>Un sujet complexe qui n\u2019appelle pas de r\u00e9ponse simple, voici mes pistes de r\u00e9flexion en esp\u00e9rant pouvoir bient\u00f4t en discuter de vive voix avec mes lecteurs.<span class=\"Apple-converted-space\">\u00a0<\/span><\/p>\n<ol>\n<li>Je re\u00e7ois avec joie cette officialisation de la charte INAO sur les \u00ab\u00a0Vins M\u00e9thode Nature\u00a0\u00bb, non pas comme la mise en cage d\u2019un courant de pens\u00e9e libertaire, mais comme une voie d\u2019acc\u00e8s \u00e0 ce march\u00e9 pour des producteurs de grande taille qui ont les moyens d\u2019en d\u00e9velopper la recherche et la production.<\/li>\n<\/ol>\n<ol start=\"2\">\n<li>Le d\u00e9veloppement de la production des vins naturels va dans le sens des attentes du consommateur. Citons par exemple la recherche sur l\u2019augmentation de l\u2019efficacit\u00e9 du SO2 dans le contexte du changement climatique et de l\u2019augmentation moyenne du pH du vin.<\/li>\n<\/ol>\n<ol start=\"3\">\n<li>\u00c0 long terme, l\u2019exp\u00e9rience acquise \u00e0 travers la recherche b\u00e9n\u00e9ficiera \u00e0 tous les producteurs de vin, entreprises ou artisanat\u2026donc y compris aussi les puristes qui se dressent pour l\u2019instant contre les r\u00e8glementations.<\/li>\n<\/ol>\n<ol start=\"4\">\n<li>Je salue la strat\u00e9gie de communication de la G\u00e9orgie. Il faut trouver des locomotives et des facteurs de diff\u00e9rentiation dans un march\u00e9 satur\u00e9 et dont la consommation est orient\u00e9e \u00e0 la baisse.<span class=\"Apple-converted-space\">\u00a0 \u00a0<\/span><\/li>\n<\/ol>\n<ol start=\"5\">\n<li>L\u2019avenir tirera encore vers la consolidation de biens et ressources, ainsi qu\u2019\u00e0 l\u2019urbanisation des populations (surtout dans les pays \u00e9mergents, soit les nouveaux consommateurs). L\u2019app\u00e9tit et le besoin de ces populations ne peut qu\u2019embrasser la philosophie des vins nature pour leur capacit\u00e9 \u00e0 \u00e9voquent un pass\u00e9 plus lent et plus \u00ab\u00a0terrien\u00a0\u00bb.<\/li>\n<\/ol>\n<p>&nbsp;<\/p>\n<p><b>Faut-il s\u2019\u00e9loigner des protocoles \u0153nologiques pour trouver de l\u2019authenticit\u00e9 ou soutenir les causes qui marient le juste interventionnisme plut\u00f4t que le non-interventionnisme ?<\/b><\/p>\n<p><b>Faut-il restituer au vin le r\u00f4le d\u2019aliment pour nos corps et nos \u00e2mes ? <span class=\"Apple-converted-space\">\u00a0<\/span><\/b><\/p>\n<p>Je vous laisse comme toujours avec plus de questions que de r\u00e9ponses, en esp\u00e9rant vous avoir apporter un \u00e9clairage sur cette cat\u00e9gorie des vins naturels, si complexe et aux multiples facettes.<\/p>\n<p>A la G\u00e9orgie, \u00e0 la Nature et \u00e0 la Libert\u00e9 de pens\u00e9e ! <span class=\"Apple-converted-space\">\u00a0<\/span><\/p>\n<p>&nbsp;<\/p>\n<p><a href=\"https:\/\/www.vinsvaldeloire.fr\/\">Vins Loire<\/a><\/p>\n","protected":false},"excerpt":{"rendered":"Wine Cellar Management Wine, Travel, Tasting, Management, Cellar, Premium, Team Building, Gift, Evaluation, Gastronomy, Hospitality G\u00c9ORGIE:\u00a0REP\u00c9RAGE VITICOLE ET R\u00c9FLEXIONS &nbsp; \u00ab Stase, puret\u00e9, essence immuable, elles sont au c\u0153ur du mythe naturel. Naturel signifie la version originale \u2014 et, comme pour les livres saints, l\u2019original signifie le meilleur\u00a0\u00bb Le savant de la religion Alan Levinovitz","protected":false},"author":4,"featured_media":0,"parent":0,"menu_order":0,"comment_status":"closed","ping_status":"closed","template":"galerie.php","meta":{"_acf_changed":false,"_monsterinsights_skip_tracking":false,"_monsterinsights_sitenote_active":false,"_monsterinsights_sitenote_note":"","_monsterinsights_sitenote_category":0,"footnotes":""},"class_list":["post-238","page","type-page","status-publish","hentry"],"acf":[],"yoast_head":"<!-- This site is optimized with the Yoast SEO plugin v27.5 - https:\/\/yoast.com\/product\/yoast-seo-wordpress\/ -->\n<title>Wine Cellar Management - Your door to the finest artisan wineries<\/title>\n<meta name=\"description\" content=\"Wine Rose: Trips and tastings in Europe, Consulting for Hospitality &amp; Institutions, Wine Cellar Management.\" \/>\n<meta name=\"robots\" content=\"index, follow, max-snippet:-1, max-image-preview:large, max-video-preview:-1\" \/>\n<link rel=\"canonical\" href=\"https:\/\/winerose.ch\/en\/\" \/>\n<meta property=\"og:locale\" content=\"en_US\" \/>\n<meta property=\"og:type\" content=\"article\" \/>\n<meta property=\"og:title\" content=\"Wine Cellar Management - Your door to the finest artisan wineries\" \/>\n<meta property=\"og:description\" content=\"Wine Rose: Trips and tastings in Europe, Consulting for Hospitality &amp; Institutions, Wine Cellar Management.\" \/>\n<meta property=\"og:url\" content=\"https:\/\/winerose.ch\/en\/\" \/>\n<meta property=\"og:site_name\" content=\"Winerose\" \/>\n<meta property=\"article:modified_time\" content=\"2021-04-27T16:03:03+00:00\" \/>\n<meta name=\"twitter:card\" content=\"summary_large_image\" \/>\n<meta name=\"twitter:label1\" content=\"Est. reading time\" \/>\n\t<meta name=\"twitter:data1\" content=\"6 minutes\" \/>\n<script type=\"application\/ld+json\" class=\"yoast-schema-graph\">{\"@context\":\"https:\\\/\\\/schema.org\",\"@graph\":[{\"@type\":\"WebPage\",\"@id\":\"https:\\\/\\\/winerose.ch\\\/en\\\/\",\"url\":\"https:\\\/\\\/winerose.ch\\\/en\\\/\",\"name\":\"Wine Cellar Management - Your door to the finest artisan wineries\",\"isPartOf\":{\"@id\":\"https:\\\/\\\/winerose.ch\\\/en\\\/#website\"},\"datePublished\":\"2016-08-28T07:51:01+00:00\",\"dateModified\":\"2021-04-27T16:03:03+00:00\",\"description\":\"Wine Rose: Trips and tastings in Europe, Consulting for Hospitality & Institutions, Wine Cellar Management.\",\"breadcrumb\":{\"@id\":\"https:\\\/\\\/winerose.ch\\\/en\\\/#breadcrumb\"},\"inLanguage\":\"en-US\",\"potentialAction\":[{\"@type\":\"ReadAction\",\"target\":[\"https:\\\/\\\/winerose.ch\\\/en\\\/\"]}]},{\"@type\":\"BreadcrumbList\",\"@id\":\"https:\\\/\\\/winerose.ch\\\/en\\\/#breadcrumb\",\"itemListElement\":[{\"@type\":\"ListItem\",\"position\":1,\"name\":\"Accueil\",\"item\":\"https:\\\/\\\/winerose.ch\\\/en\\\/\"},{\"@type\":\"ListItem\",\"position\":2,\"name\":\"Home\"}]},{\"@type\":\"WebSite\",\"@id\":\"https:\\\/\\\/winerose.ch\\\/en\\\/#website\",\"url\":\"https:\\\/\\\/winerose.ch\\\/en\\\/\",\"name\":\"Wine Rose\",\"description\":\"Your door to the finest artisan-wineries\",\"publisher\":{\"@id\":\"https:\\\/\\\/winerose.ch\\\/en\\\/#organization\"},\"potentialAction\":[{\"@type\":\"SearchAction\",\"target\":{\"@type\":\"EntryPoint\",\"urlTemplate\":\"https:\\\/\\\/winerose.ch\\\/en\\\/?s={search_term_string}\"},\"query-input\":{\"@type\":\"PropertyValueSpecification\",\"valueRequired\":true,\"valueName\":\"search_term_string\"}}],\"inLanguage\":\"en-US\"},{\"@type\":\"Organization\",\"@id\":\"https:\\\/\\\/winerose.ch\\\/en\\\/#organization\",\"name\":\"Wine Rose S\u00e0rl - Michele Caimotto\",\"url\":\"https:\\\/\\\/winerose.ch\\\/en\\\/\",\"logo\":{\"@type\":\"ImageObject\",\"inLanguage\":\"en-US\",\"@id\":\"https:\\\/\\\/winerose.ch\\\/en\\\/#\\\/schema\\\/logo\\\/image\\\/\",\"url\":\"https:\\\/\\\/winerose.ch\\\/wp-content\\\/uploads\\\/2016\\\/08\\\/logo.png\",\"contentUrl\":\"https:\\\/\\\/winerose.ch\\\/wp-content\\\/uploads\\\/2016\\\/08\\\/logo.png\",\"width\":312,\"height\":312,\"caption\":\"Wine Rose S\u00e0rl - Michele Caimotto\"},\"image\":{\"@id\":\"https:\\\/\\\/winerose.ch\\\/en\\\/#\\\/schema\\\/logo\\\/image\\\/\"}}]}<\/script>\n<!-- \/ Yoast SEO plugin. -->","yoast_head_json":{"title":"Wine Cellar Management - Your door to the finest artisan wineries","description":"Wine Rose: Trips and tastings in Europe, Consulting for Hospitality & Institutions, Wine Cellar Management.","robots":{"index":"index","follow":"follow","max-snippet":"max-snippet:-1","max-image-preview":"max-image-preview:large","max-video-preview":"max-video-preview:-1"},"canonical":"https:\/\/winerose.ch\/en\/","og_locale":"en_US","og_type":"article","og_title":"Wine Cellar Management - Your door to the finest artisan wineries","og_description":"Wine Rose: Trips and tastings in Europe, Consulting for Hospitality & Institutions, Wine Cellar Management.","og_url":"https:\/\/winerose.ch\/en\/","og_site_name":"Winerose","article_modified_time":"2021-04-27T16:03:03+00:00","twitter_card":"summary_large_image","twitter_misc":{"Est. reading time":"6 minutes"},"schema":{"@context":"https:\/\/schema.org","@graph":[{"@type":"WebPage","@id":"https:\/\/winerose.ch\/en\/","url":"https:\/\/winerose.ch\/en\/","name":"Wine Cellar Management - Your door to the finest artisan wineries","isPartOf":{"@id":"https:\/\/winerose.ch\/en\/#website"},"datePublished":"2016-08-28T07:51:01+00:00","dateModified":"2021-04-27T16:03:03+00:00","description":"Wine Rose: Trips and tastings in Europe, Consulting for Hospitality & Institutions, Wine Cellar Management.","breadcrumb":{"@id":"https:\/\/winerose.ch\/en\/#breadcrumb"},"inLanguage":"en-US","potentialAction":[{"@type":"ReadAction","target":["https:\/\/winerose.ch\/en\/"]}]},{"@type":"BreadcrumbList","@id":"https:\/\/winerose.ch\/en\/#breadcrumb","itemListElement":[{"@type":"ListItem","position":1,"name":"Accueil","item":"https:\/\/winerose.ch\/en\/"},{"@type":"ListItem","position":2,"name":"Home"}]},{"@type":"WebSite","@id":"https:\/\/winerose.ch\/en\/#website","url":"https:\/\/winerose.ch\/en\/","name":"Wine Rose","description":"Your door to the finest artisan-wineries","publisher":{"@id":"https:\/\/winerose.ch\/en\/#organization"},"potentialAction":[{"@type":"SearchAction","target":{"@type":"EntryPoint","urlTemplate":"https:\/\/winerose.ch\/en\/?s={search_term_string}"},"query-input":{"@type":"PropertyValueSpecification","valueRequired":true,"valueName":"search_term_string"}}],"inLanguage":"en-US"},{"@type":"Organization","@id":"https:\/\/winerose.ch\/en\/#organization","name":"Wine Rose S\u00e0rl - Michele Caimotto","url":"https:\/\/winerose.ch\/en\/","logo":{"@type":"ImageObject","inLanguage":"en-US","@id":"https:\/\/winerose.ch\/en\/#\/schema\/logo\/image\/","url":"https:\/\/winerose.ch\/wp-content\/uploads\/2016\/08\/logo.png","contentUrl":"https:\/\/winerose.ch\/wp-content\/uploads\/2016\/08\/logo.png","width":312,"height":312,"caption":"Wine Rose S\u00e0rl - Michele Caimotto"},"image":{"@id":"https:\/\/winerose.ch\/en\/#\/schema\/logo\/image\/"}}]}},"_links":{"self":[{"href":"https:\/\/winerose.ch\/en\/wp-json\/wp\/v2\/pages\/238","targetHints":{"allow":["GET"]}}],"collection":[{"href":"https:\/\/winerose.ch\/en\/wp-json\/wp\/v2\/pages"}],"about":[{"href":"https:\/\/winerose.ch\/en\/wp-json\/wp\/v2\/types\/page"}],"author":[{"embeddable":true,"href":"https:\/\/winerose.ch\/en\/wp-json\/wp\/v2\/users\/4"}],"replies":[{"embeddable":true,"href":"https:\/\/winerose.ch\/en\/wp-json\/wp\/v2\/comments?post=238"}],"version-history":[{"count":52,"href":"https:\/\/winerose.ch\/en\/wp-json\/wp\/v2\/pages\/238\/revisions"}],"predecessor-version":[{"id":2739,"href":"https:\/\/winerose.ch\/en\/wp-json\/wp\/v2\/pages\/238\/revisions\/2739"}],"wp:attachment":[{"href":"https:\/\/winerose.ch\/en\/wp-json\/wp\/v2\/media?parent=238"}],"curies":[{"name":"wp","href":"https:\/\/api.w.org\/{rel}","templated":true}]}}